{"id":1277,"date":"2015-08-12T14:53:12","date_gmt":"2015-08-12T14:53:12","guid":{"rendered":"http:\/\/www.meritopropaganda.com.br\/site\/?page_id=1277"},"modified":"2020-03-19T18:40:30","modified_gmt":"2020-03-19T18:40:30","slug":"manutencao-de-website","status":"publish","type":"page","link":"https:\/\/www.meritopropaganda.com.br\/site\/index.php\/manutencao-de-website\/","title":{"rendered":"Plano de Manuten\u00e7\u00e3o de Sites"},"content":{"rendered":"<p>[et_pb_section admin_label=&#8221;section&#8221;]<br \/>\n\t\t\t[et_pb_row admin_label=&#8221;row&#8221;]<br \/>\n\t\t\t\t[et_pb_column type=&#8221;4_4&#8243;][et_pb_text admin_label=&#8221;Text&#8221;]<\/p>\n<h4>Sem tempo para cuidar e atualizar o seu site?<\/h4>\n<p>O objetivo deste plano \u00e9 suprir as principais necessidades de um SITE e\/ou LOJA VIRTUAL no que tange \u00e0s altera\u00e7\u00f5es de conte\u00fado, configura\u00e7\u00f5es e suporte de hospedagem, e-mails e custos de taxas anuais para manuten\u00e7\u00e3o de dom\u00ednio.<\/p>\n<p>Possu\u00edmos uma equipe, preparada para gerenciar e manter seu site online, confian\u00e7a e credibilidade adquirida com mais de 30 anos de atua\u00e7\u00e3o no segmento.<\/p>\n<h4>Confira os benef\u00edcios de quem faz\u00a0parte deste plano!<\/h4>\n<div class='et-box et-shadow'>\n\t\t\t\t\t<div class='et-box-content'><h4><span style=\"color: #3d5054;\">Mudan\u00e7as de Conte\u00fado<\/span><\/h4>\n<p>2 altera\u00e7\u00f5es de texto e\/ou imagem por m\u00eas, para que seu site n\u00e3o fique est\u00e1tico e sempre possa oferecer novidades aos visitantes.<\/p>\n<p>Para os clientes com sites auto gerenci\u00e1veis ou lojas virtuais, as altera\u00e7\u00f5es normalmente se fazem em cria\u00e7\u00e3o de banners promocionais.<\/p>\n<p>O prazo para a entrega depender\u00e1 da complexidade das altera\u00e7\u00f5es solicitadas, mas a m\u00e9dia para retorno \u00e9 de 1 a 3 dias \u00fateis.<\/p>\n<p>O tempo de produ\u00e7\u00e3o disponibilizado para as duas altera\u00e7\u00f5es \u00e9 de 4 horas mensais. Para solicita\u00e7\u00f5es que demandem um tempo de desenvolvimento maior, \u00e9 necess\u00e1rio a avalia\u00e7\u00e3o do servi\u00e7o para propormos um or\u00e7amento condizente. Se tiveres uma demanda maior, podemos analisar um plano mensal de altera\u00e7\u00f5es espec\u00edficas para seu site.<\/div><\/div>\n<p>&nbsp;<\/p>\n<div class='et-box et-shadow'>\n\t\t\t\t\t<div class='et-box-content'><h4><span style=\"color: #3d5054;\">Controle de registros<\/span><\/h4>\n<p>Diretamente com o \u00f3rg\u00e3o respons\u00e1vel pela nomenclatura deu sua seu site.<\/p>\n<p>Pagamento e organiza\u00e7\u00e3o do contrato anual de registro do(s) dom\u00ednio(s).<\/p>\n<p>Suporte T\u00e9cnico ao painel de gerenciamento do dom\u00ednio selecionado ao plano<\/div><\/div>\n<p>&nbsp;<\/p>\n<div class='et-box et-shadow'>\n\t\t\t\t\t<div class='et-box-content'><h4><span style=\"color: #3d5054;\">Hospedagem<\/span><\/h4>\n<p>Plataforma Linux com vers\u00f5es atualizadas de PHP, ASP, CSS, HTML, Apache e banco de dados Mysql.Dispon\u00edvel 1GB de espa\u00e7o em disco.<\/p>\n<p>Para situa\u00e7\u00f5es em que o site ultrapassar o espa\u00e7o estipulado, o contratante dever\u00e1 providenciar a limpeza do diret\u00f3rio ou contratar um plano mais robusto.<\/p>\n<p>Dispon\u00edvel 2.5GB para cria\u00e7\u00e3o de contas de e-mail @suaempresa.com.br<\/div><\/div>\n<p>&nbsp;<\/p>\n<div class='et-box et-shadow'>\n\t\t\t\t\t<div class='et-box-content'><h4><span style=\"color: #3d5054;\">Suporte T\u00e9cnico<\/span><\/h4>\n<p>Servi\u00e7o relacionado a hospedagem, onde moderamos o contato com t\u00e9cnicos do servidor, para garantir que o seu site esteja sempre online.<\/p>\n<p>Atendimento personalizado, conte com um profissional da M\u00e9rito sempre a disposi\u00e7\u00e3o para esclarecer d\u00favidas e manter os servi\u00e7os relacionados ao seu site 100% ativos.<\/div><\/div>\n<p>&nbsp;<\/p>\n<p><a href=\"http:\/\/www.meritopropaganda.com.br\/site\/index.php\/contato-agencia-de-publicidade-porto-alegre\">Qualquer d\u00favida ou interesse em adquirir este plano, entre em contato conosco!<\/a>[\/et_pb_text][\/et_pb_column]<br \/>\n\t\t\t[\/et_pb_row]<br \/>\n\t\t[\/et_pb_section]<\/p>\n","protected":false},"excerpt":{"rendered":"<p>Sem tempo para cuidar e atualizar o seu site? O objetivo deste plano \u00e9 suprir as principais necessidades de um SITE e\/ou LOJA VIRTUAL no que tange \u00e0s altera\u00e7\u00f5es de conte\u00fado, configura\u00e7\u00f5es e suporte de hospedagem, e-mails e custos de taxas anuais para manuten\u00e7\u00e3o de dom\u00ednio. Possu\u00edmos uma equipe, preparada para gerenciar e manter seu [&hellip;]<\/p>\n","protected":false},"author":2,"featured_media":0,"parent":0,"menu_order":0,"comment_status":"open","ping_status":"open","template":"","meta":{"_et_pb_use_builder":"on","_et_pb_old_content":"<h4>Sem tempo para cuidar e atualizar o seu site?<\/h4>\r\nO objetivo deste plano \u00e9 suprir as principais necessidades de um SITE e\/ou LOJA VIRTUAL no que tange \u00e0s altera\u00e7\u00f5es de conte\u00fado, configura\u00e7\u00f5es e suporte de hospedagem, e-mails e custos de taxas anuais para manuten\u00e7\u00e3o de dom\u00ednio.\r\n\r\nPossu\u00edmos uma equipe, preparada para gerenciar e manter seu site online, confian\u00e7a e credibilidade adquirida com mais de 30 anos de atua\u00e7\u00e3o no segmento.\r\n<h4>Confira os benef\u00edcios de quem faz\u00a0parte deste plano!<\/h4>\r\n[box]\r\n<h4><span style=\"color: #3d5054;\">Mudan\u00e7as de Conte\u00fado<\/span><\/h4>\r\n2 altera\u00e7\u00f5es de texto e\/ou imagem por m\u00eas, para que seu site n\u00e3o fique est\u00e1tico e sempre possa oferecer novidades aos visitantes.\r\n\r\nPara os clientes com sites auto gerenci\u00e1veis ou lojas virtuais, as altera\u00e7\u00f5es normalmente se fazem em cria\u00e7\u00e3o de banners promocionais.\r\n\r\nO prazo para a entrega depender\u00e1 da complexidade das altera\u00e7\u00f5es solicitadas, mas a m\u00e9dia para retorno \u00e9 de 1 a 3 dias \u00fateis.\r\n\r\nO tempo de produ\u00e7\u00e3o disponibilizado para as duas altera\u00e7\u00f5es \u00e9 de 4 horas mensais. Para solicita\u00e7\u00f5es que demandem um tempo de desenvolvimento maior, \u00e9 necess\u00e1rio a avalia\u00e7\u00e3o do servi\u00e7o para propormos um or\u00e7amento condizente. Se tiveres uma demanda maior, podemos analisar um plano mensal de altera\u00e7\u00f5es espec\u00edficas para seu site.[\/box]\r\n\r\n&nbsp;\r\n\r\n[box]\r\n<h4><span style=\"color: #3d5054;\">Controle de registros<\/span><\/h4>\r\nDiretamente com o \u00f3rg\u00e3o respons\u00e1vel pela nomenclatura deu sua seu site.\r\n\r\nPagamento e organiza\u00e7\u00e3o do contrato anual de registro do(s) dom\u00ednio(s).\r\n\r\nSuporte T\u00e9cnico ao painel de gerenciamento do dom\u00ednio selecionado ao plano[\/box]\r\n\r\n&nbsp;\r\n\r\n[box]\r\n<h4><span style=\"color: #3d5054;\">Hospedagem<\/span><\/h4>\r\nPlataforma Linux com vers\u00f5es atualizadas de PHP, ASP, CSS, HTML, Apache e banco de dados Mysql.Dispon\u00edvel 1GB de espa\u00e7o em disco.\r\n\r\nPara situa\u00e7\u00f5es em que o site ultrapassar o espa\u00e7o estipulado, o contratante dever\u00e1 providenciar a limpeza do diret\u00f3rio ou contratar um plano mais robusto.\r\n\r\nDispon\u00edvel 2.5GB para cria\u00e7\u00e3o de contas de e-mail @suaempresa.com.br[\/box]\r\n\r\n&nbsp;\r\n\r\n[box]\r\n<h4><span style=\"color: #3d5054;\">Suporte T\u00e9cnico<\/span><\/h4>\r\nServi\u00e7o relacionado a hospedagem, onde moderamos o contato com t\u00e9cnicos do servidor, para garantir que o seu site esteja sempre online.\r\n\r\nAtendimento personalizado, conte com um profissional da M\u00e9rito sempre a disposi\u00e7\u00e3o para esclarecer d\u00favidas e manter os servi\u00e7os relacionados ao seu site 100% ativos.[\/box]\r\n\r\n&nbsp;\r\n\r\n<a href=\"http:\/\/www.meritopropaganda.com.br\/site\/index.php\/contato-agencia-de-publicidade-porto-alegre\">Qualquer d\u00favida ou interesse em adquirir este plano, entre em contato conosco!<\/a>","_et_gb_content_width":"","footnotes":""},"class_list":["post-1277","page","type-page","status-publish","hentry"],"aioseo_notices":[],"_links":{"self":[{"href":"https:\/\/www.meritopropaganda.com.br\/site\/index.php\/wp-json\/wp\/v2\/pages\/1277","targetHints":{"allow":["GET"]}}],"collection":[{"href":"https:\/\/www.meritopropaganda.com.br\/site\/index.php\/wp-json\/wp\/v2\/pages"}],"about":[{"href":"https:\/\/www.meritopropaganda.com.br\/site\/index.php\/wp-json\/wp\/v2\/types\/page"}],"author":[{"embeddable":true,"href":"https:\/\/www.meritopropaganda.com.br\/site\/index.php\/wp-json\/wp\/v2\/users\/2"}],"replies":[{"embeddable":true,"href":"https:\/\/www.meritopropaganda.com.br\/site\/index.php\/wp-json\/wp\/v2\/comments?post=1277"}],"version-history":[{"count":20,"href":"https:\/\/www.meritopropaganda.com.br\/site\/index.php\/wp-json\/wp\/v2\/pages\/1277\/revisions"}],"predecessor-version":[{"id":2347,"href":"https:\/\/www.meritopropaganda.com.br\/site\/index.php\/wp-json\/wp\/v2\/pages\/1277\/revisions\/2347"}],"wp:attachment":[{"href":"https:\/\/www.meritopropaganda.com.br\/site\/index.php\/wp-json\/wp\/v2\/media?parent=1277"}],"curies":[{"name":"wp","href":"https:\/\/api.w.org\/{rel}","templated":true}]}}