{"id":5,"date":"2013-05-31T14:47:13","date_gmt":"2013-05-31T14:47:13","guid":{"rendered":"http:\/\/www.meritopropaganda.com.br\/site\/?page_id=5"},"modified":"2026-01-07T17:54:05","modified_gmt":"2026-01-07T17:54:05","slug":"agencia-de-publicidade-porto-alegre","status":"publish","type":"page","link":"https:\/\/www.meritopropaganda.com.br\/site\/index.php\/agencia-de-publicidade-porto-alegre\/","title":{"rendered":"M\u00e9rito Propaganda"},"content":{"rendered":"<p>[et_pb_section fb_built=&#8221;1&#8243; _builder_version=&#8221;4.16&#8243; use_background_color_gradient=&#8221;on&#8221; background_color_gradient_stops=&#8221;rgba(255,255,255,0.71) 70%|#82abd8 70%&#8221; background_color_gradient_overlays_image=&#8221;on&#8221; background_color_gradient_start=&#8221;rgba(255,255,255,0.71)&#8221; background_color_gradient_start_position=&#8221;70%&#8221; background_color_gradient_end=&#8221;#82abd8&#8243; background_color_gradient_end_position=&#8221;30%&#8221; background_image=&#8221;https:\/\/www.meritopropaganda.com.br\/site\/wp-content\/uploads\/2020\/01\/images-7.jpg&#8221; background_position=&#8221;top_center&#8221; global_colors_info=&#8221;{}&#8221;][et_pb_row column_structure=&#8221;2_3,1_3&#8243; admin_label=&#8221;About Us Area&#8221; _builder_version=&#8221;4.16&#8243; background_size=&#8221;initial&#8221; background_position=&#8221;top_left&#8221; background_repeat=&#8221;repeat&#8221; custom_padding=&#8221;27px|0px|0px|0px&#8221; global_colors_info=&#8221;{}&#8221;][et_pb_column type=&#8221;2_3&#8243; _builder_version=&#8221;4.16&#8243; background_color=&#8221;#f7f7f7&#8243; custom_padding=&#8221;||6%||false|false&#8221; box_shadow_style=&#8221;preset1&#8243; box_shadow_vertical=&#8221;15px&#8221; box_shadow_blur=&#8221;45px&#8221; box_shadow_color=&#8221;rgba(0,0,0,0.21)&#8221; global_colors_info=&#8221;{}&#8221; custom_padding__hover=&#8221;|||&#8221;][et_pb_text admin_label=&#8221;Title&#8221; _builder_version=&#8221;4.27.5&#8243; text_font=&#8221;Montserrat||||||||&#8221; text_text_color=&#8221;#747d88&#8243; text_font_size=&#8221;16px&#8221; text_line_height=&#8221;1.9em&#8221; header_font=&#8221;||||||||&#8221; header_text_align=&#8221;left&#8221; header_2_font=&#8221;Montserrat|700||on|||||&#8221; header_2_font_size=&#8221;42px&#8221; header_2_line_height=&#8221;1.3em&#8221; background_size=&#8221;initial&#8221; background_position=&#8221;top_left&#8221; background_repeat=&#8221;repeat&#8221; max_width=&#8221;700px&#8221; module_alignment=&#8221;left&#8221; custom_margin=&#8221;|||&#8221; custom_padding=&#8221;8%|10%||10%|false|false&#8221; custom_padding_tablet=&#8221;&#8221; custom_padding_phone=&#8221;8%|10%||5%|false|false&#8221; custom_padding_last_edited=&#8221;on|phone&#8221; animation_style=&#8221;slide&#8221; animation_direction=&#8221;bottom&#8221; animation_intensity_slide=&#8221;4%&#8221; animation_starting_opacity=&#8221;100%&#8221; hover_enabled=&#8221;0&#8243; locked=&#8221;off&#8221; global_colors_info=&#8221;{}&#8221; sticky_enabled=&#8221;0&#8243;]<\/p>\n<h2>M\u00e9rito<\/h2>\n<h3>Ag\u00eancia de Propaganda e Marketing<\/h3>\n<p>Somos uma ag\u00eancia com mais de 35 anos de experi\u00eancia no mercado publicit\u00e1rio, com sede f\u00edsica em Porto Alegre e atendimento \u00e0 clientes de todo o Brasil.<\/p>\n<p>Temos como filosofia o comprometimento com o neg\u00f3cio dos nossos clientes, criando uma rela\u00e7\u00e3o de confian\u00e7a desde o atendimento personalizado at\u00e9 o planejamento e gest\u00e3o de suas m\u00eddias.<\/p>\n<p>Como podemos ajuda-lo a alcan\u00e7ar seus resultados?<\/p>\n<p>[\/et_pb_text][et_pb_button button_text=&#8221;CONHE\u00c7A NOSSOS PRODUTOS E SERVI\u00c7OS&#8221; _builder_version=&#8221;4.16&#8243; custom_button=&#8221;on&#8221; button_text_size=&#8221;15px&#8221; button_text_color=&#8221;#ffffff&#8221; button_bg_color=&#8221;#353740&#8243; button_border_width=&#8221;4px&#8221; button_border_color=&#8221;#353740&#8243; button_border_radius=&#8221;100px&#8221; button_letter_spacing=&#8221;2px&#8221; button_font=&#8221;Montserrat|500||on|||||&#8221; button_use_icon=&#8221;off&#8221; custom_margin=&#8221;||20px|10%|false|false&#8221; custom_padding=&#8221;||||false|false&#8221; animation_style=&#8221;slide&#8221; animation_direction=&#8221;bottom&#8221; button_text_color_last_edited=&#8221;off|desktop&#8221; button_text_color_hover=&#8221;#ffffff&#8221; button_border_color_hover=&#8221;#ffffff&#8221; button_letter_spacing_hover=&#8221;2px&#8221; button_bg_color_hover=&#8221;rgba(0,0,0,0)&#8221; locked=&#8221;off&#8221; global_colors_info=&#8221;{}&#8221; button_text_size__hover_enabled=&#8221;off&#8221; button_one_text_size__hover_enabled=&#8221;off&#8221; button_two_text_size__hover_enabled=&#8221;off&#8221; button_text_color__hover_enabled=&#8221;on|hover&#8221; button_text_color__hover=&#8221;#ffffff&#8221; button_one_text_color__hover_enabled=&#8221;off&#8221; button_two_text_color__hover_enabled=&#8221;off&#8221; button_border_width__hover_enabled=&#8221;off&#8221; button_one_border_width__hover_enabled=&#8221;off&#8221; button_two_border_width__hover_enabled=&#8221;off&#8221; button_border_color__hover_enabled=&#8221;on|hover&#8221; button_border_color__hover=&#8221;#353740&#8243; button_one_border_color__hover_enabled=&#8221;off&#8221; button_two_border_color__hover_enabled=&#8221;off&#8221; button_border_radius__hover_enabled=&#8221;off&#8221; button_one_border_radius__hover_enabled=&#8221;off&#8221; button_two_border_radius__hover_enabled=&#8221;off&#8221; button_letter_spacing__hover_enabled=&#8221;on|desktop&#8221; button_letter_spacing__hover=&#8221;2px&#8221; button_one_letter_spacing__hover_enabled=&#8221;off&#8221; button_two_letter_spacing__hover_enabled=&#8221;off&#8221; button_bg_color__hover_enabled=&#8221;on|hover&#8221; button_bg_color__hover=&#8221;#353740&#8243; button_one_bg_color__hover_enabled=&#8221;off&#8221; button_two_bg_color__hover_enabled=&#8221;off&#8221; button_bg_enable_color__hover=&#8221;on&#8221;][\/et_pb_button][et_pb_button button_text=&#8221;ENTRE EM CONTATO, VAMOS CONVERSAR!&#8221; _builder_version=&#8221;4.16&#8243; custom_button=&#8221;on&#8221; button_text_size=&#8221;15px&#8221; button_text_color=&#8221;#ffffff&#8221; button_bg_color=&#8221;#353740&#8243; button_border_width=&#8221;4px&#8221; button_border_color=&#8221;#353740&#8243; button_border_radius=&#8221;100px&#8221; button_letter_spacing=&#8221;2px&#8221; button_font=&#8221;Montserrat|500||on|||||&#8221; button_use_icon=&#8221;off&#8221; custom_margin=&#8221;||0px|10%|false|false&#8221; custom_padding=&#8221;||||false|false&#8221; animation_style=&#8221;slide&#8221; animation_direction=&#8221;bottom&#8221; button_text_color_last_edited=&#8221;off|desktop&#8221; button_text_color_hover=&#8221;#ffffff&#8221; button_border_color_hover=&#8221;#ffffff&#8221; button_letter_spacing_hover=&#8221;2px&#8221; button_bg_color_hover=&#8221;rgba(0,0,0,0)&#8221; locked=&#8221;off&#8221; global_colors_info=&#8221;{}&#8221; button_text_size__hover_enabled=&#8221;off&#8221; button_one_text_size__hover_enabled=&#8221;off&#8221; button_two_text_size__hover_enabled=&#8221;off&#8221; button_text_color__hover_enabled=&#8221;on|hover&#8221; button_text_color__hover=&#8221;#ffffff&#8221; button_one_text_color__hover_enabled=&#8221;off&#8221; button_two_text_color__hover_enabled=&#8221;off&#8221; button_border_width__hover_enabled=&#8221;off&#8221; button_one_border_width__hover_enabled=&#8221;off&#8221; button_two_border_width__hover_enabled=&#8221;off&#8221; button_border_color__hover_enabled=&#8221;on|hover&#8221; button_border_color__hover=&#8221;#353740&#8243; button_one_border_color__hover_enabled=&#8221;off&#8221; button_two_border_color__hover_enabled=&#8221;off&#8221; button_border_radius__hover_enabled=&#8221;off&#8221; button_one_border_radius__hover_enabled=&#8221;off&#8221; button_two_border_radius__hover_enabled=&#8221;off&#8221; button_letter_spacing__hover_enabled=&#8221;on|desktop&#8221; button_letter_spacing__hover=&#8221;2px&#8221; button_one_letter_spacing__hover_enabled=&#8221;off&#8221; button_two_letter_spacing__hover_enabled=&#8221;off&#8221; button_bg_color__hover_enabled=&#8221;on|hover&#8221; button_bg_color__hover=&#8221;#353740&#8243; button_one_bg_color__hover_enabled=&#8221;off&#8221; button_two_bg_color__hover_enabled=&#8221;off&#8221; button_bg_enable_color__hover=&#8221;on&#8221;][\/et_pb_button][\/et_pb_column][et_pb_column type=&#8221;1_3&#8243; _builder_version=&#8221;4.16&#8243; custom_padding=&#8221;|||&#8221; global_colors_info=&#8221;{}&#8221; custom_padding__hover=&#8221;|||&#8221;][\/et_pb_column][\/et_pb_row][\/et_pb_section][et_pb_section fb_built=&#8221;1&#8243; admin_label=&#8221;Contact Form Section&#8221; _builder_version=&#8221;4.16&#8243; background_color=&#8221;#82abd8&#8243; custom_padding=&#8221;50px||100px||false|false&#8221; animation_direction=&#8221;bottom&#8221; saved_tabs=&#8221;all&#8221; global_colors_info=&#8221;{}&#8221;][et_pb_row admin_label=&#8221;Service Section Title&#8221; _builder_version=&#8221;4.16&#8243; custom_margin=&#8221;||20px||false|false&#8221; animation_style=&#8221;fade&#8221; animation_direction=&#8221;top&#8221; global_colors_info=&#8221;{}&#8221;][et_pb_column type=&#8221;4_4&#8243; _builder_version=&#8221;4.16&#8243; custom_padding=&#8221;|||&#8221; global_colors_info=&#8221;{}&#8221; custom_padding__hover=&#8221;|||&#8221;][et_pb_text admin_label=&#8221;Title&#8221; _builder_version=&#8221;4.16&#8243; text_font=&#8221;Montserrat||||||||&#8221; text_text_color=&#8221;#747d88&#8243; text_font_size=&#8221;16px&#8221; text_line_height=&#8221;1.9em&#8221; header_font=&#8221;||||||||&#8221; header_2_font=&#8221;Montserrat|700||on|||||&#8221; header_2_font_size=&#8221;42px&#8221; header_2_line_height=&#8221;1.3em&#8221; header_3_text_color=&#8221;#ffffff&#8221; header_3_font_size=&#8221;30px&#8221; text_orientation=&#8221;center&#8221; max_width=&#8221;100%&#8221; module_alignment=&#8221;center&#8221; animation_style=&#8221;slide&#8221; animation_direction=&#8221;bottom&#8221; animation_intensity_slide=&#8221;4%&#8221; global_colors_info=&#8221;{}&#8221;]<\/p>\n<h2>ACOMPANHE NOSSA TRAJET\u00d3RIA\u00a0<\/h2>\n<h3>DESDE 1987 GERANDO SOLU\u00c7\u00d5ES EM DIVULGA\u00c7\u00c3O.<\/h3>\n<p>[\/et_pb_text][\/et_pb_column][\/et_pb_row][et_pb_row admin_label=&#8221;About Us Area&#8221; _builder_version=&#8221;4.16&#8243; background_size=&#8221;initial&#8221; background_position=&#8221;top_left&#8221; background_repeat=&#8221;repeat&#8221; custom_padding=&#8221;27px|0px|0px|0px&#8221; global_colors_info=&#8221;{}&#8221;][et_pb_column type=&#8221;4_4&#8243; _builder_version=&#8221;4.16&#8243; background_color=&#8221;#f7f7f7&#8243; custom_padding=&#8221;||6%||false|false&#8221; box_shadow_style=&#8221;preset1&#8243; box_shadow_vertical=&#8221;15px&#8221; box_shadow_blur=&#8221;45px&#8221; box_shadow_color=&#8221;rgba(0,0,0,0.21)&#8221; global_colors_info=&#8221;{}&#8221; custom_padding__hover=&#8221;|||&#8221;][et_pb_text admin_label=&#8221;Title&#8221; _builder_version=&#8221;4.16&#8243; text_font=&#8221;Montserrat||||||||&#8221; text_text_color=&#8221;#747d88&#8243; text_font_size=&#8221;16px&#8221; text_line_height=&#8221;1.9em&#8221; header_font=&#8221;||||||||&#8221; header_text_align=&#8221;left&#8221; header_2_font=&#8221;Montserrat|700||on|||||&#8221; header_2_font_size=&#8221;42px&#8221; header_2_line_height=&#8221;1.3em&#8221; background_size=&#8221;initial&#8221; background_position=&#8221;top_left&#8221; background_repeat=&#8221;repeat&#8221; max_width=&#8221;100%&#8221; module_alignment=&#8221;left&#8221; custom_margin=&#8221;|||&#8221; custom_padding=&#8221;8%|10%||10%|false|false&#8221; custom_padding_tablet=&#8221;&#8221; custom_padding_phone=&#8221;8%|10%||5%|false|false&#8221; custom_padding_last_edited=&#8221;on|phone&#8221; animation_style=&#8221;slide&#8221; animation_direction=&#8221;bottom&#8221; animation_intensity_slide=&#8221;4%&#8221; animation_starting_opacity=&#8221;100%&#8221; locked=&#8221;off&#8221; global_colors_info=&#8221;{}&#8221;]<\/p>\n<h3>Porto Alegre, 01 de Junho de 1987<\/h3>\n<p>Esta data marcou a inaugura\u00e7\u00e3o da M\u00e9rito, que iniciou suas atividades como uma ag\u00eancia de propaganda focada nas m\u00eddias vigentes da \u00e9poca como Jornal, R\u00e1dio e TV.<\/p>\n<p>Com o passar dos anos, foram surgiram diverasas m\u00eddias e tend\u00eancias no mercado publicit\u00e1rio, o que possibilitou a amplia\u00e7\u00e3o de\u00a0nossas \u00e1reas de atua\u00e7\u00e3o e a aplica\u00e7\u00e3o de ferramentas e pr\u00e1ticas modernas, criando uma rela\u00e7\u00e3o mais pr\u00f3xima do cliente com seu publico alvo.<\/p>\n<p>Em 2001 com o crescimento da Internet, a M\u00e9rito cria seu departamento WEB, primeiramente com a finalidade de garantir aos seus clientes a visibilidade de seu neg\u00f3cio online. Foi atrav\u00e9s de uma necess\u00eddade que acabamos descobrimos um nicho em car\u00eancia na \u00e9poca e em pouco tempo a procura pelos nossos servi\u00e7os web aumentaram tanto, que resolvemos divulg\u00e1-los ao publico em busca de novos clientes.<\/p>\n<p>Desde ent\u00e3o viemos buscando novas alternativas e tend\u00eancias que ajudem nossos clientes e faturarem mais e melhor.<\/p>\n<p>[\/et_pb_text][\/et_pb_column][\/et_pb_row][\/et_pb_section][et_pb_section fb_built=&#8221;1&#8243; _builder_version=&#8221;4.16&#8243; background_color=&#8221;#222222&#8243; custom_margin=&#8221;0px||0px||false|false&#8221; custom_padding=&#8221;40px||0px||false|false&#8221; global_colors_info=&#8221;{}&#8221;][et_pb_row admin_label=&#8221;Service Section Title&#8221; _builder_version=&#8221;4.16&#8243; custom_margin=&#8221;||||false|false&#8221; animation_style=&#8221;fade&#8221; animation_direction=&#8221;top&#8221; global_colors_info=&#8221;{}&#8221;][et_pb_column type=&#8221;4_4&#8243; _builder_version=&#8221;4.16&#8243; custom_padding=&#8221;|||&#8221; global_colors_info=&#8221;{}&#8221; custom_padding__hover=&#8221;|||&#8221;][et_pb_text admin_label=&#8221;Title&#8221; _builder_version=&#8221;4.16&#8243; text_font=&#8221;Montserrat||||||||&#8221; text_text_color=&#8221;#747d88&#8243; text_font_size=&#8221;16px&#8221; text_line_height=&#8221;1.9em&#8221; header_font=&#8221;||||||||&#8221; header_2_font=&#8221;Montserrat|700||on|||||&#8221; header_2_text_color=&#8221;#82abd8&#8243; header_2_font_size=&#8221;42px&#8221; header_2_line_height=&#8221;1.3em&#8221; header_3_text_color=&#8221;#ffffff&#8221; header_3_font_size=&#8221;24px&#8221; text_orientation=&#8221;center&#8221; max_width=&#8221;100%&#8221; module_alignment=&#8221;center&#8221; animation_style=&#8221;slide&#8221; animation_direction=&#8221;bottom&#8221; animation_intensity_slide=&#8221;4%&#8221; global_colors_info=&#8221;{}&#8221;]<\/p>\n<h2>COMO PODEMOS AJUD\u00c1-LO?<\/h2>\n<h3>VEJA ABAIXO UM LEQUE DE OP\u00c7\u00d5ES QUE PODEMOS LHE OFERECER.<\/h3>\n<p>[\/et_pb_text][\/et_pb_column][\/et_pb_row][\/et_pb_section]<\/p>\n","protected":false},"excerpt":{"rendered":"<p>M\u00e9rito Ag\u00eancia de Propaganda e Marketing Somos uma ag\u00eancia com mais de 35 anos de experi\u00eancia no mercado publicit\u00e1rio, com sede f\u00edsica em Porto Alegre e atendimento \u00e0 clientes de todo o Brasil. Temos como filosofia o comprometimento com o neg\u00f3cio dos nossos clientes, criando uma rela\u00e7\u00e3o de confian\u00e7a desde o atendimento personalizado at\u00e9 o [&hellip;]<\/p>\n","protected":false},"author":2,"featured_media":0,"parent":0,"menu_order":0,"comment_status":"open","ping_status":"open","template":"","meta":{"_et_pb_use_builder":"on","_et_pb_old_content":"<h5><\/h5>\n<p>Somos uma ag\u00eancia de propaganda com mais de 25 anos de estrada, e que desde o in\u00edcio focamos nossas energias no comprometimento com o neg\u00f3cio dos nossos clientes.<\/p>\n<p>Para n\u00f3s, o comprometimento vai desde o atendimento at\u00e9 a entrega final do projeto ou m\u00eddia, al\u00e9m da mensura\u00e7\u00e3o dos resultados.<\/p>\n<h4>Mas como assim?<\/h4>\n<ul class=\"como-assim\">\n<li>Ouvindo quem mais entende do seu neg\u00f3cio, voc\u00ea.<\/li>\n<li>Propondo solu\u00e7\u00f5es vi\u00e1veis e adequadas, inovadoras ou n\u00e3o, mas que gerem o resultado esperado no menor prazo poss\u00edvel.<\/li>\n<li>Verificando o retorno de cada a\u00e7\u00e3o realizada, para poss\u00edveis adapta\u00e7\u00f5es.<\/li>\n<li>Negociando com os ve\u00edculos de comunica\u00e7\u00e3o a maior exposi\u00e7\u00e3o pelo menor investimento.<\/li>\n<li>Mantendo um hist\u00f3rico de resultados para que as futuras a\u00e7\u00f5es sejam cada vez mais eficazes.<\/li>\n<\/ul>\n<p>Sede f\u00edsica em Porto Alegre, com atendimento a clientes de todo o Brasil.<\/p>\n<p>Vamos conversar e verificar juntos o que a M\u00e9rito pode fazer para que voc\u00ea fature mais e melhor?<\/p>\n<p><a href=\"http:\/\/www.meritopropaganda.com.br\/site\/?page_id=14\">Servi\u00e7os Desenvolvidos<\/a> | <a href=\"http:\/\/www.meritopropaganda.com.br\/site\/?page_id=19\">Um pouco mais sobre n\u00f3s<\/a>&nbsp;| <a href=\"http:\/\/www.meritopropaganda.com.br\/site\/?page_id=21\">Posto Petr\u00f3polis - Grupo RBS<\/a><\/p>\n<p>&nbsp;<\/p>\n\n<!-- wp:heading {\"level\":1} -->\n<h1>Nossa Hist\u00f3ria<\/h1>\n<!-- \/wp:heading -->\n\n<!-- wp:heading {\"level\":4} -->\n<h4>M\u00e9rito Propaganda, ag\u00eancia de Porto Alegre.<\/h4>\n<!-- \/wp:heading -->\n\n<!-- wp:paragraph -->\n<p>Desde sua inaugura\u00e7\u00e3o, em 1\u00ba de Junho de 1987, a M\u00e9rito Propaganda passou por diversos \u201cupgrades\u201d, se adequando \u00e0s tend\u00eancias em propaganda e \u00e0s tecnologias que est\u00e3o em constante transi\u00e7\u00e3o.<\/p>\n<!-- \/wp:paragraph -->\n\n<!-- wp:paragraph -->\n<p>A M\u00e9rito iniciou suas atividades como uma ag\u00eancia de propaganda focada nas m\u00eddias Jornal, R\u00e1dio e TV, basicamente.<\/p>\n<!-- \/wp:paragraph -->\n\n<!-- wp:paragraph -->\n<p>Com o passar dos anos, o rol de op\u00e7\u00f5es em m\u00eddia aumentou muito, o que permitiu que consegu\u00edssemos comunicar melhor as informa\u00e7\u00f5es dos nossos clientes diretamente para um determinado p\u00fablico-alvo, com abrang\u00eancia e linguagem apropriadas, al\u00e9m de reduzir consideravelmente os custos de propaganda.<\/p>\n<!-- \/wp:paragraph -->\n\n<!-- wp:paragraph -->\n<p>Em 2001, a M\u00e9rito criou seu departamento web, como forma de garantir aos seus clientes de m\u00eddia a mesma qualidade para projetos na internet. Atualmente o departamento web da ag\u00eancia trabalha de forma independente, desenvolvendo projetos tamb\u00e9m para clientes externos, mas continua aliando a mesma qualidade, pontualidade e foco em resultados do in\u00edcio das atividades.<\/p>\n<!-- \/wp:paragraph -->\n\n<!-- wp:paragraph -->\n<p>Com isso, a ag\u00eancia se apresenta com um mix variado de solu\u00e7\u00f5es para divulga\u00e7\u00e3o de empresas, produtos e servi\u00e7os.<br>Vamos conversar e ver o que a M\u00e9rito Propaganda pode fazer para que voc\u00ea fature mais e melhor?<\/p>\n<!-- \/wp:paragraph -->","_et_gb_content_width":"","footnotes":""},"class_list":["post-5","page","type-page","status-publish","hentry"],"aioseo_notices":[],"_links":{"self":[{"href":"https:\/\/www.meritopropaganda.com.br\/site\/index.php\/wp-json\/wp\/v2\/pages\/5","targetHints":{"allow":["GET"]}}],"collection":[{"href":"https:\/\/www.meritopropaganda.com.br\/site\/index.php\/wp-json\/wp\/v2\/pages"}],"about":[{"href":"https:\/\/www.meritopropaganda.com.br\/site\/index.php\/wp-json\/wp\/v2\/types\/page"}],"author":[{"embeddable":true,"href":"https:\/\/www.meritopropaganda.com.br\/site\/index.php\/wp-json\/wp\/v2\/users\/2"}],"replies":[{"embeddable":true,"href":"https:\/\/www.meritopropaganda.com.br\/site\/index.php\/wp-json\/wp\/v2\/comments?post=5"}],"version-history":[{"count":20,"href":"https:\/\/www.meritopropaganda.com.br\/site\/index.php\/wp-json\/wp\/v2\/pages\/5\/revisions"}],"predecessor-version":[{"id":2451,"href":"https:\/\/www.meritopropaganda.com.br\/site\/index.php\/wp-json\/wp\/v2\/pages\/5\/revisions\/2451"}],"wp:attachment":[{"href":"https:\/\/www.meritopropaganda.com.br\/site\/index.php\/wp-json\/wp\/v2\/media?parent=5"}],"curies":[{"name":"wp","href":"https:\/\/api.w.org\/{rel}","templated":true}]}}