{"id":79,"date":"2013-05-31T18:21:02","date_gmt":"2013-05-31T18:21:02","guid":{"rendered":"http:\/\/www.meritopropaganda.com.br\/site\/?page_id=79"},"modified":"2020-03-02T17:23:05","modified_gmt":"2020-03-02T17:23:05","slug":"publicar-fazer-edital-rs-poa-porto-alegre","status":"publish","type":"page","link":"https:\/\/www.meritopropaganda.com.br\/site\/index.php\/publicar-fazer-edital-rs-poa-porto-alegre\/","title":{"rendered":"Editais e Publica\u00e7\u00f5es Legais"},"content":{"rendered":"<p>[et_pb_section fb_built=&#8221;1&#8243; admin_label=&#8221;TOPO PROD&#8221; _builder_version=&#8221;4.2.2&#8243; background_enable_color=&#8221;off&#8221; use_background_color_gradient=&#8221;on&#8221; background_color_gradient_start=&#8221;#84acd8&#8243; background_color_gradient_end=&#8221;#abc1d8&#8243; background_enable_image=&#8221;off&#8221; custom_padding=&#8221;0px|0px|0px|0px|false|false&#8221; box_shadow_style=&#8221;preset2&#8243; box_shadow_blur=&#8221;40px&#8221;][et_pb_row column_structure=&#8221;2_5,3_5&#8243; use_custom_gutter=&#8221;on&#8221; gutter_width=&#8221;1&#8243; make_equal=&#8221;on&#8221; _builder_version=&#8221;4.2.2&#8243; background_size=&#8221;initial&#8221; background_position=&#8221;top_left&#8221; background_repeat=&#8221;repeat&#8221; width=&#8221;100%&#8221; max_width=&#8221;100%&#8221; min_height=&#8221;600px&#8221; min_height_tablet=&#8221;&#8221; min_height_phone=&#8221;&#8221; min_height_last_edited=&#8221;on|tablet&#8221; max_height=&#8221;800px&#8221; custom_margin=&#8221;0px||0px||false|false&#8221; custom_padding=&#8221;0px||0px||false|false&#8221; animation_direction=&#8221;top&#8221;][et_pb_column type=&#8221;2_5&#8243; _builder_version=&#8221;4.2.2&#8243; background_image=&#8221;http:\/\/www.meritopropaganda.com.br\/site\/wp-content\/uploads\/2020\/02\/juiz-batendo-martelo.jpg&#8221; custom_padding=&#8221;||||false|false&#8221; custom_padding__hover=&#8221;|||&#8221;][et_pb_divider show_divider=&#8221;off&#8221; _builder_version=&#8221;4.2.2&#8243; min_height=&#8221;600px&#8221; min_height_tablet=&#8221;400px&#8221; min_height_phone=&#8221;300px&#8221; min_height_last_edited=&#8221;on|phone&#8221; max_height=&#8221;300px&#8221;][\/et_pb_divider][\/et_pb_column][et_pb_column type=&#8221;3_5&#8243; _builder_version=&#8221;4.2.2&#8243; background_enable_color=&#8221;off&#8221; custom_padding=&#8221;15%|5%||5%|false|false&#8221; custom_padding_tablet=&#8221;||15%||false|false&#8221; custom_padding_phone=&#8221;&#8221; custom_padding_last_edited=&#8221;on|desktop&#8221; custom_padding__hover=&#8221;|||&#8221;][et_pb_text _builder_version=&#8221;4.2.2&#8243; text_font=&#8221;Montserrat|500|||||||&#8221; text_text_color=&#8221;#353740&#8243; text_font_size=&#8221;16px&#8221; text_letter_spacing=&#8221;3px&#8221; header_font=&#8221;Montserrat|700||on|||||&#8221; header_text_color=&#8221;#f7f7f7&#8243; header_font_size=&#8221;50px&#8221; header_line_height=&#8221;1.3em&#8221; header_2_font=&#8221;||||||||&#8221; header_4_font=&#8221;Montserrat|500||on|||||&#8221; header_4_text_color=&#8221;#353740&#8243; header_4_font_size=&#8221;16px&#8221; background_size=&#8221;initial&#8221; background_position=&#8221;top_left&#8221; background_repeat=&#8221;repeat&#8221; custom_margin=&#8221;|||&#8221; animation_style=&#8221;fade&#8221; header_font_size_tablet=&#8221;&#8221; header_font_size_phone=&#8221;40px&#8221; header_font_size_last_edited=&#8221;on|phone&#8221; locked=&#8221;off&#8221;]<\/p>\n<h4>REALIZA\u00c7\u00c3O DE<\/h4>\n<h1>EDITAIS E PUBLICA\u00c7\u00d5ES LEGAIS<\/h1>\n<p>Conta com profissionais qualificados e a garantia de que sua publica\u00e7\u00e3o legal ter\u00e1 a validade jur\u00eddica necess\u00e1ria.<\/p>\n<p>[\/et_pb_text][\/et_pb_column][\/et_pb_row][\/et_pb_section][et_pb_section fb_built=&#8221;1&#8243; admin_label=&#8221;Fullwidth Image&#8221; _builder_version=&#8221;4.2.2&#8243; custom_padding=&#8221;110px|0px|200px|0px||&#8221; bottom_divider_style=&#8221;arrow2&#8243; bottom_divider_color=&#8221;#222222&#8243; bottom_divider_height=&#8221;70px&#8221;][et_pb_row column_structure=&#8221;1_2,1_2&#8243; _builder_version=&#8221;4.2.2&#8243; background_size=&#8221;initial&#8221; background_position=&#8221;top_left&#8221; background_repeat=&#8221;repeat&#8221;][et_pb_column type=&#8221;1_2&#8243; _builder_version=&#8221;3.25&#8243; custom_padding=&#8221;|||&#8221; custom_padding__hover=&#8221;|||&#8221;][et_pb_text _builder_version=&#8221;4.2.2&#8243; text_font=&#8221;Montserrat|300|||||||&#8221; text_text_color=&#8221;#000000&#8243; text_font_size=&#8221;18px&#8221; text_line_height=&#8221;1.8em&#8221; header_font=&#8221;||||||||&#8221; header_3_font=&#8221;Montserrat|600||on|||||&#8221; header_3_text_color=&#8221;#82abd7&#8243; header_3_font_size=&#8221;20px&#8221; header_3_line_height=&#8221;1.5em&#8221; background_size=&#8221;initial&#8221; background_position=&#8221;top_left&#8221; background_repeat=&#8221;repeat&#8221; text_orientation=&#8221;justified&#8221; max_width=&#8221;700px&#8221; module_alignment=&#8221;center&#8221; custom_margin=&#8221;75px||||false|false&#8221; animation_style=&#8221;fade&#8221; animation_direction=&#8221;top&#8221;]<\/p>\n<h3>Respons\u00e1bilidade e Comprometimento.<\/h3>\n<p>Trabalhamos com os principais jornais do Brasil, aliando o menor custo negociado com a exposi\u00e7\u00e3o que sua publica\u00e7\u00e3o necessita.\u00a0Verificamos a necessidade do cliente considerando custo e abrang\u00eancia exigida, adequamos sua publica\u00e7\u00e3o as quest\u00f5es jur\u00eddicas e ajustamos o material de acordo com especifica\u00e7\u00f5es t\u00e9cnicas do jornal.<\/p>\n<p>Confira abaixo os tipos de publica\u00e7\u00f5es legais<\/p>\n<p>[\/et_pb_text][et_pb_text _builder_version=&#8221;4.2.2&#8243; text_font=&#8221;Montserrat||||||||&#8221; text_text_color=&#8221;#82abd7&#8243; text_line_height=&#8221;1.8em&#8221; header_font=&#8221;||||||||&#8221; header_3_font=&#8221;Montserrat|600||on|||||&#8221; header_3_text_color=&#8221;#82abd7&#8243; header_3_font_size=&#8221;20px&#8221; header_3_line_height=&#8221;1.5em&#8221; background_size=&#8221;initial&#8221; background_position=&#8221;top_left&#8221; background_repeat=&#8221;repeat&#8221; max_width=&#8221;700px&#8221; module_alignment=&#8221;center&#8221; custom_margin=&#8221;||||false|false&#8221; animation_style=&#8221;fade&#8221; animation_direction=&#8221;top&#8221;]<\/p>\n<p>\u2022 Licen\u00e7a de Opera\u00e7\u00e3o,\u00a0Licen\u00e7a de Solicita\u00e7\u00e3o, Licen\u00e7a de Concess\u00e3o e Licen\u00e7a de Renova\u00e7\u00e3o;<\/p>\n<p>\u2022 Edital de Leil\u00e3o,\u00a0Edital de Cita\u00e7\u00e3o,\u00a0Edital de Interdi\u00e7\u00e3o,\u00a0Edital de Intima\u00e7\u00e3o e Edital de Usucapi\u00e3o;<\/p>\n<p>\u2022 Editais Sindicais, Editais de Cooperativas, Editais de Associa\u00e7\u00f5es e Editais de Condom\u00ednios;<\/p>\n<p>\u2022 Comunicado de Abandono de Emprego,\u00a0Comunicado de Extravio de Documentos Fiscais,\u00a0Comunicado Realiza\u00e7\u00e3o de Auditoria Ambiental Compuls\u00f3ria e Comunicado de S\u00famula de Termo de Acordo.<\/p>\n<p>[\/et_pb_text][et_pb_button button_url=&#8221;http:\/\/www.meritopropaganda.com.br\/site\/index.php\/contato-agencia-de-publicidade-porto-alegre\/&#8221; button_text=&#8221;QUAL PUBLICA\u00c7\u00c3O VOC\u00ca DESEJA FAZER?&#8221; button_alignment=&#8221;left&#8221; _builder_version=&#8221;4.2.2&#8243; custom_button=&#8221;on&#8221; button_text_size=&#8221;16px&#8221; button_text_color=&#8221;#ffffff&#8221; button_bg_color=&#8221;#222222&#8243; button_border_width=&#8221;10px&#8221; button_border_color=&#8221;#222222&#8243; button_border_radius=&#8221;0px&#8221; button_letter_spacing=&#8221;2px&#8221; button_font=&#8221;Montserrat|on||on|&#8221; button_use_icon=&#8221;off&#8221; custom_margin=&#8221;50px||||false|false&#8221; animation_style=&#8221;fade&#8221; hover_enabled=&#8221;0&#8243; button_text_color_last_edited=&#8221;off|desktop&#8221; button_text_color_hover=&#8221;#ffffff&#8221; button_border_color_hover=&#8221;#ffffff&#8221; button_letter_spacing_hover=&#8221;2px&#8221; button_bg_color_hover=&#8221;rgba(0,0,0,0)&#8221; locked=&#8221;off&#8221; button_text_size__hover_enabled=&#8221;off&#8221; button_one_text_size__hover_enabled=&#8221;off&#8221; button_two_text_size__hover_enabled=&#8221;off&#8221; button_text_color__hover_enabled=&#8221;on|desktop&#8221; button_text_color__hover=&#8221;#ffffff&#8221; button_one_text_color__hover_enabled=&#8221;off&#8221; button_two_text_color__hover_enabled=&#8221;off&#8221; button_border_width__hover_enabled=&#8221;off&#8221; button_one_border_width__hover_enabled=&#8221;off&#8221; button_two_border_width__hover_enabled=&#8221;off&#8221; button_border_color__hover_enabled=&#8221;on|hover&#8221; button_border_color__hover=&#8221;#222&#8243; button_one_border_color__hover_enabled=&#8221;off&#8221; button_two_border_color__hover_enabled=&#8221;off&#8221; button_border_radius__hover_enabled=&#8221;off&#8221; button_one_border_radius__hover_enabled=&#8221;off&#8221; button_two_border_radius__hover_enabled=&#8221;off&#8221; button_letter_spacing__hover_enabled=&#8221;on&#8221; button_letter_spacing__hover=&#8221;2px&#8221; button_one_letter_spacing__hover_enabled=&#8221;off&#8221; button_two_letter_spacing__hover_enabled=&#8221;off&#8221; button_bg_color__hover_enabled=&#8221;on|hover&#8221; button_bg_color__hover=&#8221;#222222&#8243; button_one_bg_color__hover_enabled=&#8221;off&#8221; button_two_bg_color__hover_enabled=&#8221;off&#8221; button_bg_enable_color__hover=&#8221;on&#8221; button_text__hover_enabled=&#8221;on|hover&#8221; button_text__hover=&#8221;VAMOS CONVERSAR!&#8221; box_shadow_style=&#8221;preset4&#8243; box_shadow_horizontal=&#8221;-10px&#8221; box_shadow_color=&#8221;rgba(0,0,0,0.06)&#8221;][\/et_pb_button][\/et_pb_column][et_pb_column type=&#8221;1_2&#8243; _builder_version=&#8221;3.25&#8243; custom_padding=&#8221;|||&#8221; custom_padding__hover=&#8221;|||&#8221;][et_pb_image src=&#8221;http:\/\/www.meritopropaganda.com.br\/site\/wp-content\/uploads\/2020\/03\/img-tvsadS.jpg&#8221; align_tablet=&#8221;center&#8221; align_phone=&#8221;&#8221; align_last_edited=&#8221;on|desktop&#8221; _builder_version=&#8221;4.2.2&#8243; animation_style=&#8221;slide&#8221; animation_direction=&#8221;right&#8221; animation_intensity_slide=&#8221;10%&#8221;][\/et_pb_image][\/et_pb_column][\/et_pb_row][\/et_pb_section][et_pb_section fb_built=&#8221;1&#8243; custom_padding_last_edited=&#8221;on|phone&#8221; _builder_version=&#8221;4.2.2&#8243; background_color=&#8221;#222222&#8243; custom_margin=&#8221;0px||0px||false|false&#8221; custom_padding=&#8221;40px||0px||false|false&#8221; custom_padding_tablet=&#8221;5px||||false|false&#8221; custom_padding_phone=&#8221;&#8221;][et_pb_row admin_label=&#8221;Service Section Title&#8221; _builder_version=&#8221;4.2.2&#8243; custom_margin=&#8221;120px||||false|false&#8221; animation_style=&#8221;fade&#8221; animation_direction=&#8221;top&#8221;][et_pb_column type=&#8221;4_4&#8243; _builder_version=&#8221;3.25&#8243; custom_padding=&#8221;|||&#8221; custom_padding__hover=&#8221;|||&#8221;][et_pb_text admin_label=&#8221;Title&#8221; _builder_version=&#8221;4.2.2&#8243; text_font=&#8221;Montserrat||||||||&#8221; text_text_color=&#8221;#747d88&#8243; text_font_size=&#8221;16px&#8221; text_line_height=&#8221;1.9em&#8221; header_font=&#8221;||||||||&#8221; header_2_font=&#8221;Montserrat|700||on|||||&#8221; header_2_text_color=&#8221;#82abd8&#8243; header_2_font_size=&#8221;42px&#8221; header_2_line_height=&#8221;1.3em&#8221; header_3_text_color=&#8221;#ffffff&#8221; header_3_font_size=&#8221;24px&#8221; header_3_line_height=&#8221;1.3em&#8221; text_orientation=&#8221;center&#8221; max_width=&#8221;100%&#8221; module_alignment=&#8221;center&#8221; animation_style=&#8221;slide&#8221; animation_direction=&#8221;bottom&#8221; animation_intensity_slide=&#8221;4%&#8221; header_2_font_size_tablet=&#8221;38px&#8221; header_2_font_size_phone=&#8221;36px&#8221; header_2_font_size_last_edited=&#8221;on|desktop&#8221;]<\/p>\n<h2>COMO PODEMOS AJUD\u00c1-LO?<\/h2>\n<h3>VEJA ABAIXO UM LEQUE DE OP\u00c7\u00d5ES QUE PODEMOS LHE OFERECER.<\/h3>\n<p>[\/et_pb_text][\/et_pb_column][\/et_pb_row][\/et_pb_section]<\/p>\n","protected":false},"excerpt":{"rendered":"<p>REALIZA\u00c7\u00c3O DE EDITAIS E PUBLICA\u00c7\u00d5ES LEGAIS Conta com profissionais qualificados e a garantia de que sua publica\u00e7\u00e3o legal ter\u00e1 a validade jur\u00eddica necess\u00e1ria.Respons\u00e1bilidade e Comprometimento. Trabalhamos com os principais jornais do Brasil, aliando o menor custo negociado com a exposi\u00e7\u00e3o que sua publica\u00e7\u00e3o necessita.\u00a0Verificamos a necessidade do cliente considerando custo e abrang\u00eancia exigida, adequamos sua [&hellip;]<\/p>\n","protected":false},"author":2,"featured_media":0,"parent":0,"menu_order":0,"comment_status":"open","ping_status":"open","template":"","meta":{"_et_pb_use_builder":"on","_et_pb_old_content":"A publica\u00e7\u00e3o legal \u00e9 composta de v\u00e1rias regras para que tenha validade jur\u00eddica.\n<ul>\n \t<li>Verificamos a necessidade do cliente;<\/li>\n \t<li>Analisando se a publica\u00e7\u00e3o precisa ou n\u00e3o se destacar;<\/li>\n \t<li>Adequamos as quest\u00f5es jur\u00eddicas, considerando custo e abrang\u00eancia exigida;<\/li>\n \t<li>Ajustamos o material de acordo com especifica\u00e7\u00f5es t\u00e9cnicas do jornal.<\/li>\n<\/ul>\nTrabalhamos com os principais jornais do Brasil, aliando o menor custo negociado com a exposi\u00e7\u00e3o que sua publica\u00e7\u00e3o necessita.\n<h4>Confira os tipos de Publica\u00e7\u00f5es Legais<\/h4>\n<ul>\n \t<li>Licen\u00e7a de Opera\u00e7\u00e3o \u2013 Solicita\u00e7\u00e3o \u2013 Concess\u00e3o - Renova\u00e7\u00e3o<\/li>\n \t<li>Editais Sindicais \u2013 Cooperativas \u2013 Associa\u00e7\u00f5es - Condom\u00ednios<\/li>\n \t<li>Editais de Leil\u00e3o<\/li>\n \t<li>Editais de Cita\u00e7\u00e3o \u2013 Interdi\u00e7\u00e3o \u2013 Intima\u00e7\u00e3o - Usucapi\u00e3o<\/li>\n \t<li>Comunicado de Abandono de Emprego<\/li>\n \t<li>Comunicado de Extravio de Documentos Fiscais<\/li>\n \t<li>Comunicado Realiza\u00e7\u00e3o de Auditoria Ambiental Compuls\u00f3ria<\/li>\n \t<li>Comunicado de S\u00famula de Termo de Acordo<\/li>\n<\/ul>\n<a href=\"http:\/\/www.meritopropaganda.com.br\/site\/index.php\/contato-agencia-de-publicidade-porto-alegre\/\">Entre em contato conosco e confira tamanhos e pre\u00e7os!<\/a>","_et_gb_content_width":"","footnotes":""},"class_list":["post-79","page","type-page","status-publish","hentry"],"aioseo_notices":[],"_links":{"self":[{"href":"https:\/\/www.meritopropaganda.com.br\/site\/index.php\/wp-json\/wp\/v2\/pages\/79","targetHints":{"allow":["GET"]}}],"collection":[{"href":"https:\/\/www.meritopropaganda.com.br\/site\/index.php\/wp-json\/wp\/v2\/pages"}],"about":[{"href":"https:\/\/www.meritopropaganda.com.br\/site\/index.php\/wp-json\/wp\/v2\/types\/page"}],"author":[{"embeddable":true,"href":"https:\/\/www.meritopropaganda.com.br\/site\/index.php\/wp-json\/wp\/v2\/users\/2"}],"replies":[{"embeddable":true,"href":"https:\/\/www.meritopropaganda.com.br\/site\/index.php\/wp-json\/wp\/v2\/comments?post=79"}],"version-history":[{"count":41,"href":"https:\/\/www.meritopropaganda.com.br\/site\/index.php\/wp-json\/wp\/v2\/pages\/79\/revisions"}],"predecessor-version":[{"id":2306,"href":"https:\/\/www.meritopropaganda.com.br\/site\/index.php\/wp-json\/wp\/v2\/pages\/79\/revisions\/2306"}],"wp:attachment":[{"href":"https:\/\/www.meritopropaganda.com.br\/site\/index.php\/wp-json\/wp\/v2\/media?parent=79"}],"curies":[{"name":"wp","href":"https:\/\/api.w.org\/{rel}","templated":true}]}}