{"id":91,"date":"2013-05-31T18:45:44","date_gmt":"2013-05-31T18:45:44","guid":{"rendered":"http:\/\/www.meritopropaganda.com.br\/site\/?page_id=91"},"modified":"2020-03-02T20:30:13","modified_gmt":"2020-03-02T20:30:13","slug":"criar-sites-em-porto-alegre-empresa-que-faz","status":"publish","type":"page","link":"https:\/\/www.meritopropaganda.com.br\/site\/index.php\/criar-sites-em-porto-alegre-empresa-que-faz\/","title":{"rendered":"Cria\u00e7\u00e3o de Sites"},"content":{"rendered":"[et_pb_section fb_built=&#8221;1&#8243; admin_label=&#8221;TOPO PROD&#8221; _builder_version=&#8221;4.2.2&#8243; background_enable_color=&#8221;off&#8221; use_background_color_gradient=&#8221;on&#8221; background_color_gradient_start=&#8221;#84acd8&#8243; background_color_gradient_end=&#8221;#abc1d8&#8243; background_enable_image=&#8221;off&#8221; custom_padding=&#8221;0px|0px|0px|0px|false|false&#8221; box_shadow_style=&#8221;preset2&#8243; box_shadow_blur=&#8221;40px&#8221;][et_pb_row column_structure=&#8221;2_5,3_5&#8243; use_custom_gutter=&#8221;on&#8221; gutter_width=&#8221;1&#8243; make_equal=&#8221;on&#8221; _builder_version=&#8221;4.2.2&#8243; background_size=&#8221;initial&#8221; background_position=&#8221;top_left&#8221; background_repeat=&#8221;repeat&#8221; width=&#8221;100%&#8221; max_width=&#8221;100%&#8221; min_height=&#8221;600px&#8221; min_height_tablet=&#8221;&#8221; min_height_phone=&#8221;&#8221; min_height_last_edited=&#8221;on|tablet&#8221; max_height=&#8221;800px&#8221; custom_margin=&#8221;0px||0px||false|false&#8221; custom_padding=&#8221;0px||0px||false|false&#8221; animation_direction=&#8221;top&#8221; hover_enabled=&#8221;0&#8243;][et_pb_column type=&#8221;2_5&#8243; _builder_version=&#8221;4.2.2&#8243; background_image=&#8221;http:\/\/www.meritopropaganda.com.br\/site\/wp-content\/uploads\/2020\/01\/images-2.jpg&#8221; custom_padding=&#8221;||||false|false&#8221; hover_enabled=&#8221;0&#8243; custom_padding__hover=&#8221;|||&#8221;][et_pb_divider show_divider=&#8221;off&#8221; _builder_version=&#8221;4.2.2&#8243; min_height=&#8221;600px&#8221; min_height_tablet=&#8221;400px&#8221; min_height_phone=&#8221;300px&#8221; min_height_last_edited=&#8221;on|phone&#8221; max_height=&#8221;300px&#8221;][\/et_pb_divider][\/et_pb_column][et_pb_column type=&#8221;3_5&#8243; _builder_version=&#8221;4.2.2&#8243; background_enable_color=&#8221;off&#8221; custom_padding=&#8221;15%|5%||5%|false|false&#8221; custom_padding_tablet=&#8221;||15%||false|false&#8221; custom_padding_phone=&#8221;&#8221; custom_padding_last_edited=&#8221;on|desktop&#8221; custom_padding__hover=&#8221;|||&#8221;][et_pb_text _builder_version=&#8221;4.2.2&#8243; text_font=&#8221;Montserrat|500|||||||&#8221; text_text_color=&#8221;#353740&#8243; text_font_size=&#8221;16px&#8221; text_letter_spacing=&#8221;3px&#8221; header_font=&#8221;Montserrat|700||on|||||&#8221; header_text_color=&#8221;#f7f7f7&#8243; header_font_size=&#8221;50px&#8221; header_line_height=&#8221;1.3em&#8221; header_2_font=&#8221;||||||||&#8221; header_4_font=&#8221;Montserrat|500||on|||||&#8221; header_4_text_color=&#8221;#353740&#8243; header_4_font_size=&#8221;16px&#8221; background_size=&#8221;initial&#8221; background_position=&#8221;top_left&#8221; background_repeat=&#8221;repeat&#8221; custom_margin=&#8221;|||&#8221; animation_style=&#8221;fade&#8221; hover_enabled=&#8221;0&#8243; header_font_size_tablet=&#8221;&#8221; header_font_size_phone=&#8221;40px&#8221; header_font_size_last_edited=&#8221;on|phone&#8221; locked=&#8221;off&#8221;]<h4>DESENVOLVIMENTO DE<\/h4>\n<h1>SITES PERSONALIZADOS<\/h1>\n<p>Uma boa apresenta\u00e7\u00e3o de seu neg\u00f3cio na Web \u00e9 muito importante para gerar credibilidade e principalmente dispertar o interesse em seus produtos ou servi\u00e7os.<\/p>\n[\/et_pb_text][\/et_pb_column][\/et_pb_row][\/et_pb_section][et_pb_section fb_built=&#8221;1&#8243; admin_label=&#8221;Fullwidth Image&#8221; _builder_version=&#8221;3.22&#8243; custom_padding=&#8221;110px|0px|110px|0px&#8221;][et_pb_row column_structure=&#8221;1_2,1_2&#8243; _builder_version=&#8221;4.2.2&#8243; background_size=&#8221;initial&#8221; background_position=&#8221;top_left&#8221; background_repeat=&#8221;repeat&#8221;][et_pb_column type=&#8221;1_2&#8243; _builder_version=&#8221;3.25&#8243; custom_padding=&#8221;|||&#8221; custom_padding__hover=&#8221;|||&#8221;][et_pb_text _builder_version=&#8221;4.2.2&#8243; text_font=&#8221;Montserrat|300|||||||&#8221; text_text_color=&#8221;#000000&#8243; text_font_size=&#8221;18px&#8221; text_line_height=&#8221;1.8em&#8221; header_font=&#8221;||||||||&#8221; header_3_font=&#8221;Montserrat|600||on|||||&#8221; header_3_text_color=&#8221;#82abd7&#8243; header_3_font_size=&#8221;20px&#8221; header_3_line_height=&#8221;1.5em&#8221; background_size=&#8221;initial&#8221; background_position=&#8221;top_left&#8221; background_repeat=&#8221;repeat&#8221; text_orientation=&#8221;justified&#8221; max_width=&#8221;700px&#8221; module_alignment=&#8221;center&#8221; custom_margin=&#8221;75px||||false|false&#8221; animation_style=&#8221;fade&#8221; animation_direction=&#8221;top&#8221; hover_enabled=&#8221;0&#8243;]<h3>Desenvolvimento Personalizado.<\/h3>\n<p>Al\u00e9m de um visual moderno e profissional, \u00e9 necess\u00e1rio entender a necess\u00eddades de seus clientes para capta\u00e7\u00e3o de contatos. E \u00e9 justamente por isso que desenvolveremos o seu site juntos! Aliando o seu conhecimento profissional, \u00e0 nossas estrat\u00e9gias de marketing e experi\u00eancia do usu\u00e1rio.<\/p>\n<p>Nossos sites s\u00e3o desenvolvidos com thema particular em\u00a0plataforma segura e atualizada, oferecem recurso de gerenciamento do conte\u00fado e funcionamento em dispositivos m\u00f3veis como Celulares Smart Phones e Tablets.<\/p>\n[\/et_pb_text][\/et_pb_column][et_pb_column type=&#8221;1_2&#8243; _builder_version=&#8221;3.25&#8243; custom_padding=&#8221;|||&#8221; custom_padding__hover=&#8221;|||&#8221;][et_pb_image src=&#8221;http:\/\/www.meritopropaganda.com.br\/site\/wp-content\/uploads\/2020\/01\/young-man-and-woman-broadcasting-in-recording-studio-180406262-57fbcfc05f9b586c35a3d255-1.png&#8221; align_tablet=&#8221;center&#8221; align_phone=&#8221;&#8221; align_last_edited=&#8221;on|desktop&#8221; _builder_version=&#8221;4.2.2&#8243; animation_style=&#8221;slide&#8221; animation_direction=&#8221;right&#8221; animation_intensity_slide=&#8221;10%&#8221;][\/et_pb_image][\/et_pb_column][\/et_pb_row][\/et_pb_section][et_pb_section fb_built=&#8221;1&#8243; admin_label=&#8221;Image and Text&#8221; _builder_version=&#8221;4.2.2&#8243; background_color=&#8221;#ffffff&#8221; custom_padding=&#8221;19px|0px|129px|0px||&#8221; hover_enabled=&#8221;0&#8243; bottom_divider_style=&#8221;arrow2&#8243; bottom_divider_height=&#8221;70px&#8221; bottom_divider_color=&#8221;#222222&#8243;][et_pb_row _builder_version=&#8221;3.25&#8243; background_size=&#8221;initial&#8221; background_position=&#8221;top_left&#8221; background_repeat=&#8221;repeat&#8221;][et_pb_column type=&#8221;4_4&#8243; _builder_version=&#8221;3.25&#8243; custom_padding=&#8221;|||&#8221; custom_padding__hover=&#8221;|||&#8221;][et_pb_text _builder_version=&#8221;4.2.2&#8243; text_font=&#8221;||||||||&#8221; text_text_color=&#8221;#000000&#8243; text_font_size=&#8221;20px&#8221; text_line_height=&#8221;1.8em&#8221; header_font=&#8221;||||||||&#8221; header_text_align=&#8221;center&#8221; header_text_color=&#8221;#000000&#8243; header_3_font=&#8221;Montserrat|||on|||||&#8221; header_3_text_color=&#8221;#353740&#8243; header_3_line_height=&#8221;1.5em&#8221; background_size=&#8221;initial&#8221; background_position=&#8221;top_left&#8221; background_repeat=&#8221;repeat&#8221; text_orientation=&#8221;center&#8221; max_width=&#8221;100%&#8221; module_alignment=&#8221;center&#8221; custom_margin=&#8221;||||false|false&#8221; animation_style=&#8221;fade&#8221; animation_direction=&#8221;top&#8221; hover_enabled=&#8221;0&#8243;]<h3>Confira abaixo as aplica\u00e7\u00f5es utilzadas em nosso desenvolvimento.<\/h3>\n[\/et_pb_text][\/et_pb_column][\/et_pb_row][et_pb_row column_structure=&#8221;1_6,1_6,1_6,1_6,1_6,1_6&#8243; _builder_version=&#8221;4.2.2&#8243; background_size=&#8221;initial&#8221; background_position=&#8221;top_left&#8221; background_repeat=&#8221;repeat&#8221; width=&#8221;60%&#8221; max_width=&#8221;100%&#8221; custom_margin=&#8221;||2%||false|false&#8221; custom_padding=&#8221;0px||0px||false|false&#8221; hover_enabled=&#8221;0&#8243; disabled_on=&#8221;on|on|on&#8221; disabled=&#8221;on&#8221;][et_pb_column type=&#8221;1_6&#8243; _builder_version=&#8221;3.25&#8243; custom_padding=&#8221;|||&#8221; custom_padding__hover=&#8221;|||&#8221;][et_pb_text admin_label=&#8221;Text&#8221; _builder_version=&#8221;4.2.2&#8243; background_size=&#8221;initial&#8221; background_position=&#8221;top_left&#8221; background_repeat=&#8221;repeat&#8221; hover_enabled=&#8221;0&#8243;]<p><\/p>\n<p>PHP5<br \/>Mysql<br \/>WordPress<br \/>Elegant Themes<\/p>\n<p><\/p>\n[\/et_pb_text][\/et_pb_column][et_pb_column type=&#8221;1_6&#8243; _builder_version=&#8221;3.25&#8243; custom_padding=&#8221;|||&#8221; custom_padding__hover=&#8221;|||&#8221;][et_pb_image src=&#8221;http:\/\/www.meritopropaganda.com.br\/site\/wp-content\/uploads\/2020\/01\/radio-atlantida.jpg&#8221; align=&#8221;center&#8221; _builder_version=&#8221;4.2.2&#8243;][\/et_pb_image][\/et_pb_column][et_pb_column type=&#8221;1_6&#8243; _builder_version=&#8221;3.25&#8243; custom_padding=&#8221;|||&#8221; custom_padding__hover=&#8221;|||&#8221;][et_pb_image src=&#8221;http:\/\/www.meritopropaganda.com.br\/site\/wp-content\/uploads\/2020\/01\/radio-continental.jpg&#8221; align=&#8221;center&#8221; _builder_version=&#8221;4.2.2&#8243;][\/et_pb_image][\/et_pb_column][et_pb_column type=&#8221;1_6&#8243; _builder_version=&#8221;3.25&#8243; custom_padding=&#8221;|||&#8221; custom_padding__hover=&#8221;|||&#8221;][et_pb_image src=&#8221;http:\/\/www.meritopropaganda.com.br\/site\/wp-content\/uploads\/2020\/01\/radio-farroupilha.jpg&#8221; align=&#8221;center&#8221; _builder_version=&#8221;4.2.2&#8243;][\/et_pb_image][\/et_pb_column][et_pb_column type=&#8221;1_6&#8243; _builder_version=&#8221;3.25&#8243; custom_padding=&#8221;|||&#8221; custom_padding__hover=&#8221;|||&#8221;][et_pb_image src=&#8221;http:\/\/www.meritopropaganda.com.br\/site\/wp-content\/uploads\/2020\/01\/radio-antena1.jpg&#8221; align=&#8221;center&#8221; _builder_version=&#8221;4.2.2&#8243;][\/et_pb_image][\/et_pb_column][et_pb_column type=&#8221;1_6&#8243; _builder_version=&#8221;3.25&#8243; custom_padding=&#8221;|||&#8221; custom_padding__hover=&#8221;|||&#8221;][\/et_pb_column][\/et_pb_row][\/et_pb_section][et_pb_section fb_built=&#8221;1&#8243; custom_padding_last_edited=&#8221;on|phone&#8221; _builder_version=&#8221;4.2.2&#8243; background_color=&#8221;#222222&#8243; custom_margin=&#8221;0px||0px||false|false&#8221; custom_padding=&#8221;40px||0px||false|false&#8221; custom_padding_tablet=&#8221;5px||||false|false&#8221; custom_padding_phone=&#8221;&#8221; hover_enabled=&#8221;0&#8243;][et_pb_row admin_label=&#8221;Service Section Title&#8221; _builder_version=&#8221;4.2.2&#8243; custom_margin=&#8221;120px||||false|false&#8221; animation_style=&#8221;fade&#8221; animation_direction=&#8221;top&#8221;][et_pb_column type=&#8221;4_4&#8243; _builder_version=&#8221;3.25&#8243; custom_padding=&#8221;|||&#8221; custom_padding__hover=&#8221;|||&#8221;][et_pb_text admin_label=&#8221;Title&#8221; _builder_version=&#8221;4.2.2&#8243; text_font=&#8221;Montserrat||||||||&#8221; text_text_color=&#8221;#747d88&#8243; text_font_size=&#8221;16px&#8221; text_line_height=&#8221;1.9em&#8221; header_font=&#8221;||||||||&#8221; header_2_font=&#8221;Montserrat|700||on|||||&#8221; header_2_text_color=&#8221;#82abd8&#8243; header_2_font_size=&#8221;42px&#8221; header_2_line_height=&#8221;1.3em&#8221; header_3_text_color=&#8221;#ffffff&#8221; header_3_font_size=&#8221;24px&#8221; header_3_line_height=&#8221;1.3em&#8221; text_orientation=&#8221;center&#8221; max_width=&#8221;100%&#8221; module_alignment=&#8221;center&#8221; animation_style=&#8221;slide&#8221; animation_direction=&#8221;bottom&#8221; animation_intensity_slide=&#8221;4%&#8221; header_2_font_size_tablet=&#8221;38px&#8221; header_2_font_size_phone=&#8221;36px&#8221; header_2_font_size_last_edited=&#8221;on|desktop&#8221;]<h2>COMO PODEMOS AJUD\u00c1-LO?<\/h2>\n<h3>VEJA ABAIXO UM LEQUE DE OP\u00c7\u00d5ES QUE PODEMOS LHE OFERECER.<\/h3>[\/et_pb_text][\/et_pb_column][\/et_pb_row][\/et_pb_section]","protected":false},"excerpt":{"rendered":"<p>DESENVOLVIMENTO DE SITES PERSONALIZADOS Uma boa apresenta\u00e7\u00e3o de seu neg\u00f3cio na Web \u00e9 muito importante para gerar credibilidade e principalmente dispertar o interesse em seus produtos ou servi\u00e7os. Desenvolvimento Personalizado. Al\u00e9m de um visual moderno e profissional, \u00e9 necess\u00e1rio entender a necess\u00eddades de seus clientes para capta\u00e7\u00e3o de contatos. E \u00e9 justamente por isso que [&hellip;]<\/p>\n","protected":false},"author":2,"featured_media":0,"parent":0,"menu_order":0,"comment_status":"open","ping_status":"open","template":"","meta":{"_et_pb_use_builder":"on","_et_pb_old_content":"<!-- wp:heading {\"level\":1} -->\n<h1>Desenvolvimento Personalizado<\/h1>\n<!-- \/wp:heading -->\n\n<h4>Nosso foco \u00e9 vender a solu\u00e7\u00e3o que seu cliente procura.<\/h4>\n<p>Desenvolvemos junto com o cliente uma apar\u00eancia adequada e profissional, buscado uma apresenta\u00e7\u00e3o de sua empresa que garanta\u00a0a credibilidade e conforto necess\u00e1rias\u00a0para o cliente entrar em contato e adquirir seus produtos ou servi\u00e7os.<\/p>\n<h4>Observa\u00e7\u00f5es importantes:<\/h4>\n<p><em>* Entrega em 30 dias, ap\u00f3s a aprova\u00e7\u00e3o de layout;<br \/>* Treinamento de 4 horas,\u00a0ap\u00f3s finaliza\u00e7\u00e3o do projeto;<\/em><\/p>\n<h4>Descri\u00e7\u00e3o do Produto:<\/h4>\n<div class=\"topicos\">\n<ul>\n<li class=\"full\"><span style=\"line-height: 1.714285714; font-size: 1rem;\">Identidade visual profissional que gere a credibilidade necess\u00e1ria;<\/span><\/li>\n<li class=\"full\">Gerenciamento pr\u00e1tico dos conte\u00fados;<\/li>\n<li class=\"full\"><span style=\"line-height: 1.714285714; font-size: 1rem;\">Possibilidade otimiza\u00e7\u00e3o para mecanismos de busca, como o Google;<\/span><\/li>\n<li class=\"full\"><span style=\"line-height: 1.714285714; font-size: 1rem;\">Funcionamento completo\u00a0em qualquer plataforma, computador, notebook, tablet ou smartphone;<\/span><\/li>\n<li class=\"full\"><span style=\"font-size: 1rem; line-height: 1.714285714;\">Agilidade no desenvolvimento;<\/span><\/li>\n<\/ul>\n<div>\u00a0<\/div>\n<div>\u00a0<a href=\"http:\/\/www.meritopropaganda.com.br\/site\/index.php\/contato-agencia-de-publicidade-porto-alegre\">Qualquer d\u00favida ou interesse em adquirir este produto, entre em contato conosco!<\/a><\/div>\n<div>\u00a0<\/div>\n<\/div>\n<div id=\"video-baixo\">[video_lightbox_youtube video_id=\"Vxl-4qB30AA?rel=0\" width=\"640\" height=\"480\" anchor=\"Site Personalizado\"]<\/div>\n\n<!-- wp:heading {\"level\":1} -->\n<h1>Sistema Responsivo<\/h1>\n<!-- \/wp:heading -->\n\n<!-- wp:heading {\"level\":3} -->\n<h3>O que \u00e9 Responsivo?<\/h3>\n<!-- \/wp:heading -->\n\n<!-- wp:paragraph -->\n<p>Quando um site normal \u00e9 aberto em smartphones a navega\u00e7\u00e3o do usu\u00e1rio fica dif\u00edcil e limitada, tendo que usar recursos de zoom para ler ou clicar em links.<\/p>\n<!-- \/wp:paragraph -->\n\n<!-- wp:paragraph -->\n<p>Um site responsivo adapta sua apar\u00eancia e disposi\u00e7\u00e3o automaticamente, com base no tamanho da tela do aparelho em que \u00e9 exibido (PC, smartphones, tablet, etc).<\/p>\n<!-- \/wp:paragraph -->\n\n<!-- wp:paragraph -->\n<p>Ou seja, \u00e9 a garantia de que sua empresa e produtos ser\u00e3o bem apresentados em qualquer aparelho.<\/p>\n<!-- \/wp:paragraph -->\n\n<!-- wp:paragraph -->\n<p><strong>Nosso foco \u00e9 vender a solu\u00e7\u00e3o que seu cliente procura.<\/strong><br>Iremos desenvolver a estrat\u00e9gia envolvida no&nbsp;website, definindo a melhor comunica\u00e7\u00e3o e estrutura para que seu cliente se sinta o mais confort\u00e1vel e pr\u00f3ximo de efetivar uma negocia\u00e7\u00e3o com sua empresa.&nbsp;<\/p>\n<!-- \/wp:paragraph -->\n\n<!-- wp:paragraph -->\n<p>Principais benef\u00edcios de um&nbsp;Site Responsivo&nbsp;desenvolvido pela M\u00e9rito Propaganda:<\/p>\n<!-- \/wp:paragraph -->\n\n<!-- wp:list -->\n<ul><li>Identidade visual profissional e moderna, desenvolvida juntamente com o cliente;<\/li><li>Gerenciamento pr\u00e1tico dos produtos e conte\u00fados;<\/li><li>Sistema&nbsp;preparado para que o Google encontre seus produtos facilmente;<\/li><li>Garantia de funcionamento em aparelhos m\u00f3veis ( tablets e smartphones)<\/li><\/ul>\n<!-- \/wp:list -->\n\n<!-- wp:paragraph -->\n<p><strong><em><br>Observa\u00e7\u00f5es importantes:<\/em><\/strong><br><em>\u2022&nbsp;Entrega em 30 dias, ap\u00f3s a aprova\u00e7\u00e3o de layout;<br>\u2022&nbsp;Treinamento de 4 horas,&nbsp;ap\u00f3s finaliza\u00e7\u00e3o do projeto;<\/em><\/p>\n<!-- \/wp:paragraph -->","_et_gb_content_width":"","footnotes":""},"class_list":["post-91","page","type-page","status-publish","hentry"],"aioseo_notices":[],"_links":{"self":[{"href":"https:\/\/www.meritopropaganda.com.br\/site\/index.php\/wp-json\/wp\/v2\/pages\/91","targetHints":{"allow":["GET"]}}],"collection":[{"href":"https:\/\/www.meritopropaganda.com.br\/site\/index.php\/wp-json\/wp\/v2\/pages"}],"about":[{"href":"https:\/\/www.meritopropaganda.com.br\/site\/index.php\/wp-json\/wp\/v2\/types\/page"}],"author":[{"embeddable":true,"href":"https:\/\/www.meritopropaganda.com.br\/site\/index.php\/wp-json\/wp\/v2\/users\/2"}],"replies":[{"embeddable":true,"href":"https:\/\/www.meritopropaganda.com.br\/site\/index.php\/wp-json\/wp\/v2\/comments?post=91"}],"version-history":[{"count":35,"href":"https:\/\/www.meritopropaganda.com.br\/site\/index.php\/wp-json\/wp\/v2\/pages\/91\/revisions"}],"predecessor-version":[{"id":2321,"href":"https:\/\/www.meritopropaganda.com.br\/site\/index.php\/wp-json\/wp\/v2\/pages\/91\/revisions\/2321"}],"wp:attachment":[{"href":"https:\/\/www.meritopropaganda.com.br\/site\/index.php\/wp-json\/wp\/v2\/media?parent=91"}],"curies":[{"name":"wp","href":"https:\/\/api.w.org\/{rel}","templated":true}]}}